{"id":622,"date":"2019-01-15T16:06:48","date_gmt":"2019-01-15T16:06:48","guid":{"rendered":"http:\/\/188.213.160.48\/unora\/?page_id=622"},"modified":"2023-03-16T10:57:42","modified_gmt":"2023-03-16T10:57:42","slug":"informativa-privacy","status":"publish","type":"page","link":"http:\/\/unora.org\/index.php\/informativa-privacy\/","title":{"rendered":"Informativa Privacy"},"content":{"rendered":"<div class=\"wpb-content-wrapper\"><p>[vc_row][vc_column][vc_column_text css=&#8221;.vc_custom_1678964257623{margin-top: 20px !important;}&#8221;]<strong>INFORMATIVA AL TRATTAMENTO DEI DATI PERSONALI<\/strong><\/p>\n<p>I dati personali dell&#8217;utente sono utilizzati da FONDAZIONE UNORA ETS attivit\u00e0 organizzativa per la filantropia, che ne \u00e8 titolare per il trattamento, nel rispetto dei principi di protezione dei dati personali stabiliti dal Regolamento GDPR 2016\/679.<\/p>\n<p>MODALIT\u00c0 E FINALIT\u00c0 DEL TRATTAMENTO DATI<\/p>\n<p>1) La informiamo che i dati verranno trattati con il supporto dei seguenti mezzi:<br \/>\na) Mista &#8211; elettronica e cartacea<\/p>\n<p>con le seguenti finalit\u00e0:<br \/>\n\u2212 Attivit\u00e0 di solidariet\u00e0 e beneficenza<\/p>\n<p>L&#8217;eventuale rifiuto nel consentire il trattamento dei dati comporta l&#8217;impossibilit\u00e0 di usufruire del servizio richiesto dall&#8217;utente.<\/p>\n<p>Fatto salvo esplicito diniego da parte dell&#8217;interessato, i dati dell\u2019utente saranno trattati anche per le seguenti finalit\u00e0:<\/p>\n<p>\u2212 invio di proposte e di comunicazioni commerciali a mezzo posta elettronica o SMS o fax, da parte sia di FONDAZIONE UNORA ETS attivit\u00e0 organizzativa per la filantropia e sia di societ\u00e0 partner ;<\/p>\n<p>\u2212 indagini di mercato e statistiche, marketing e referenze su comunicazioni pubblicitarie (stampa, radio, TV, internet, ecc.), preferenze sui prodotti;<\/p>\n<p>BASE GIURIDICA<br \/>\n2) Il conferimento dei dati \u00e8 obbligatorio per tutto quanto \u00e8 richiesto dagli obblighi legali e contrattuali e pertanto l&#8217;eventuale rifiuto a fornirli in tutto o in parte pu\u00f2 dar luogo all&#8217;impossibilit\u00e0 di fornire i servizi richiesti.<br \/>\nLa societ\u00e0 tratta i dati facoltativi degli utenti in base al consenso, ossia mediante l\u2019approvazione esplicita della presente policy privacy e in relazione alle modalit\u00e0 e finalit\u00e0 di seguito descritte.<\/p>\n<p>CATEGORIE DI DESTINATARI<br \/>\n3) Ferme restando le comunicazioni eseguite in adempimento di obblighi di legge e contrattuali, tutti i dati raccolti ed elaborati potranno essere comunicati esclusivamente per le finalit\u00e0 sopra specificate alle seguenti categorie di interessati:<br \/>\n\u2212 Associazioni e fondazioni;<\/p>\n<p>Nella gestione dei suoi dati, inoltre, possono venire a conoscenza degli stessi le seguenti categorie di persone autorizzate e\/o responsabili interni ed esterni individuati per iscritto ed ai quali sono state fornite specifiche istruzioni scritte circa il trattamento dei dati:<\/p>\n<p>\u2022 Rossella Vecchia &#8211; N. D.<\/p>\n<p>STRUTTURE INFORMATICHE<\/p>\n<p>Denominazione attivit\u00e0: fundraising<br \/>\nStrutture informatiche: hard disk esterno<br \/>\nTipo Struttura: Esterna<br \/>\nDenominazione azienda: hard disk esterno<\/p>\n<p>PERIODO DI CONSERVAZIONE<\/p>\n<p>4) I dati obbligatori ai fini contrattuali e contabili sono conservati per il tempo necessario allo svolgimento del rapporto commerciale e contabile.<br \/>\nI dati di chi non acquista o usufruisce di prodotti\/servizi, pur avendo avuto un precedente contatto con dei rappresentanti dell\u2019azienda, saranno immediatamente cancellati o trattati in forma anonima, ove la loro conservazione non risulti altrimenti giustificata, salvo che sia stato acquisito validamente il consenso informato degli interessati relativo ad una successiva attivit\u00e0 di promozione commerciale o ricerca di mercato.<\/p>\n<p>DIRITTI DELL\u2019INTERESSATO<\/p>\n<p>5) Ai sensi del Regolamento europeo 679\/2016 (GDPR) e della normativa nazionale, l&#8217;interessato pu\u00f2, secondo le modalit\u00e0 e nei limiti previsti dalla vigente normativa, esercitare i seguenti diritti:<\/p>\n<p>\u2212 richiedere la conferma dell&#8217;esistenza di dati personali che lo riguardano (diritto di accesso);<br \/>\n\u2212 conoscerne l&#8217;origine;<br \/>\n\u2212 riceverne comunicazione intelligibile;<br \/>\n\u2212 avere informazioni circa la logica, le modalit\u00e0 e le finalit\u00e0 del trattamento;<br \/>\n\u2212 richiederne l&#8217;aggiornamento, la rettifica, l&#8217;integrazione, la cancellazione, la trasformazione in forma anonima, il blocco dei dati trattati in violazione di legge, ivi compresi quelli non pi\u00f9 necessari al perseguimento degli scopi per i quali sono stati raccolti;<br \/>\n\u2212 nei casi di trattamento basato su consenso, ricevere i propri dati forniti al titolare, in forma strutturata e leggibile da un elaboratore di dati e in un formato comunemente usato da un dispositivo elettronico;<br \/>\n\u2212 il diritto di presentare un reclamo all\u2019Autorit\u00e0 di controllo.<\/p>\n<p>6) Titolare del trattamento dei Suoi dati personali \u00e8 FONDAZIONE UNORA ETS attivit\u00e0 organizzativa per la filantropia.[\/vc_column_text][\/vc_column][\/vc_row]<\/p>\n<\/div>","protected":false},"excerpt":{"rendered":"<p>[vc_row][vc_column][vc_column_text css=&#8221;.vc_custom_1678964257623{margin-top: 20px !important;}&#8221;]INFORMATIVA AL TRATTAMENTO DEI DATI PERSONALI I dati personali dell&#8217;utente sono utilizzati da FONDAZIONE UNORA ETS attivit\u00e0 organizzativa per la filantropia, che ne<span class=\"excerpt-hellip\"> [\u2026]<\/span><\/p>\n","protected":false},"author":1,"featured_media":0,"parent":0,"menu_order":0,"comment_status":"closed","ping_status":"closed","template":"","meta":[],"_links":{"self":[{"href":"http:\/\/unora.org\/index.php\/wp-json\/wp\/v2\/pages\/622"}],"collection":[{"href":"http:\/\/unora.org\/index.php\/wp-json\/wp\/v2\/pages"}],"about":[{"href":"http:\/\/unora.org\/index.php\/wp-json\/wp\/v2\/types\/page"}],"author":[{"embeddable":true,"href":"http:\/\/unora.org\/index.php\/wp-json\/wp\/v2\/users\/1"}],"replies":[{"embeddable":true,"href":"http:\/\/unora.org\/index.php\/wp-json\/wp\/v2\/comments?post=622"}],"version-history":[{"count":5,"href":"http:\/\/unora.org\/index.php\/wp-json\/wp\/v2\/pages\/622\/revisions"}],"predecessor-version":[{"id":1636,"href":"http:\/\/unora.org\/index.php\/wp-json\/wp\/v2\/pages\/622\/revisions\/1636"}],"wp:attachment":[{"href":"http:\/\/unora.org\/index.php\/wp-json\/wp\/v2\/media?parent=622"}],"curies":[{"name":"wp","href":"https:\/\/api.w.org\/{rel}","templated":true}]}}