{"id":262,"date":"2018-09-25T10:57:44","date_gmt":"2018-09-25T10:57:44","guid":{"rendered":"http:\/\/188.213.160.48\/unora\/?page_id=262"},"modified":"2025-07-08T11:47:33","modified_gmt":"2025-07-08T11:47:33","slug":"bilanci-e-trasparenza","status":"publish","type":"page","link":"https:\/\/unora.org\/index.php\/chi-siamo\/bilanci-e-trasparenza\/","title":{"rendered":"BILANCI E TRASPARENZA"},"content":{"rendered":"<div class=\"wpb-content-wrapper\"><p>[vc_row][vc_column][vc_custom_heading text=&#8221;DOCUMENTI UFFICIALI&#8221; font_container=&#8221;tag:h2|text_align:left|color:%23000000&#8243; css=&#8221;.vc_custom_1718713888771{margin-top: 50px !important;}&#8221;][vc_separator color=&#8221;orange&#8221; border_width=&#8221;3&#8243;][\/vc_column][\/vc_row][vc_section el_id=&#8221;section1&#8243; el_class=&#8221;section_space&#8221;][vc_row][vc_column width=&#8221;1\/12&#8243;][\/vc_column][vc_column width=&#8221;5\/12&#8243;][vc_column_text]<\/p>\n<h4 class=\"p1\"><span style=\"vertical-align: inherit;\"><span style=\"vertical-align: inherit;\"><span style=\"vertical-align: inherit;\"><span style=\"vertical-align: inherit;\"><span style=\"vertical-align: inherit;\"><span style=\"vertical-align: inherit;\"><span style=\"vertical-align: inherit;\"><span style=\"vertical-align: inherit;\"><span style=\"vertical-align: inherit;\"><span style=\"vertical-align: inherit;\"><span style=\"vertical-align: inherit;\"><span style=\"vertical-align: inherit;\"><span style=\"vertical-align: inherit;\"><span style=\"vertical-align: inherit;\"><span style=\"vertical-align: inherit;\"><span style=\"vertical-align: inherit;\"><span style=\"vertical-align: inherit;\"><span style=\"vertical-align: inherit;\">STATUTO <\/span><\/span><\/span><\/span><\/span><\/span><\/span><\/span><\/span><\/span><\/span><\/span><\/span><\/span><\/span><\/span><\/span><\/span><span style=\"vertical-align: inherit;\"><span style=\"vertical-align: inherit;\"><span style=\"vertical-align: inherit;\"><span style=\"vertical-align: inherit;\"><span style=\"vertical-align: inherit;\"><span style=\"vertical-align: inherit;\"><span style=\"vertical-align: inherit;\"><span style=\"vertical-align: inherit;\"><span style=\"vertical-align: inherit;\"><span style=\"vertical-align: inherit;\"><span style=\"vertical-align: inherit;\"><span style=\"vertical-align: inherit;\"><span style=\"vertical-align: inherit;\"><span style=\"vertical-align: inherit;\"><br \/>\n<span style=\"font-size: 10pt; color: #000000;\"><span style=\"vertical-align: inherit;\"><span style=\"vertical-align: inherit;\"><span style=\"vertical-align: inherit;\"><span style=\"vertical-align: inherit;\">Scarica lo Statuto della Fondazione Unora ETS<\/span><\/span><\/span><\/span><\/span><br \/>\n<\/span><\/span><\/span><\/span><\/span><\/span><\/span><\/span><\/span><\/span><\/span><\/span><\/span><\/span><\/h4>\n<p>[\/vc_column_text][vc_icon icon_fontawesome=&#8221;fas fa-arrow-circle-down&#8221; color=&#8221;black&#8221; link=&#8221;url:https%3A%2F%2Funora.org%2Fwp-content%2Fuploads%2F2023%2F03%2FSTATUTO-FONDAZIONE-UNORA-ETS.pdf&#8221; css=&#8221;.vc_custom_1678801253985{margin-top: -40px !important;}&#8221;][vc_column_text]<\/p>\n<h4 class=\"p1\"><span style=\"vertical-align: inherit;\"><span style=\"vertical-align: inherit;\"><span style=\"vertical-align: inherit;\"><span style=\"vertical-align: inherit;\"><span style=\"vertical-align: inherit;\"><span style=\"vertical-align: inherit;\"><span style=\"vertical-align: inherit;\"><span style=\"vertical-align: inherit;\"><span style=\"vertical-align: inherit;\"><span style=\"vertical-align: inherit;\"><span style=\"vertical-align: inherit;\"><span style=\"vertical-align: inherit;\"><span style=\"vertical-align: inherit;\"><span style=\"vertical-align: inherit;\"><span style=\"vertical-align: inherit;\"><span style=\"vertical-align: inherit;\"><span style=\"vertical-align: inherit;\"><span style=\"vertical-align: inherit;\"><span style=\"vertical-align: inherit;\"><span style=\"vertical-align: inherit;\"><span style=\"vertical-align: inherit;\"><span style=\"vertical-align: inherit;\">ISCRIZIONE REGISTRO UNICO DEL TERZO SETTORE<\/span><\/span><\/span><\/span><\/span><\/span><\/span><\/span><\/span><\/span><\/span><\/span><\/span><\/span><\/span><\/span><\/span><\/span><\/span><\/span><\/span><\/span><span style=\"vertical-align: inherit;\"><span style=\"vertical-align: inherit;\"><span style=\"vertical-align: inherit;\"><span style=\"vertical-align: inherit;\"><span style=\"vertical-align: inherit;\"><span style=\"vertical-align: inherit;\"><span style=\"vertical-align: inherit;\"><span style=\"vertical-align: inherit;\"><span style=\"vertical-align: inherit;\"><span style=\"vertical-align: inherit;\"><span style=\"vertical-align: inherit;\"><span style=\"vertical-align: inherit;\"><span style=\"vertical-align: inherit;\"><span style=\"vertical-align: inherit;\"><br \/>\n<span style=\"font-size: 10pt; color: #000000;\"><span style=\"vertical-align: inherit;\"><span style=\"vertical-align: inherit;\"><span style=\"vertical-align: inherit;\"><span style=\"vertical-align: inherit;\"><span style=\"vertical-align: inherit;\"><span style=\"vertical-align: inherit;\"><span style=\"vertical-align: inherit;\"><span style=\"vertical-align: inherit;\">Scarica l&#8217;Atto di Registrazione al RUNTS della Fondazione Unora ETS<\/span><\/span><\/span><\/span><\/span><\/span><\/span><\/span><\/span><br \/>\n<\/span><\/span><\/span><\/span><\/span><\/span><\/span><\/span><\/span><\/span><\/span><\/span><\/span><\/span><\/h4>\n<p>[\/vc_column_text][vc_icon icon_fontawesome=&#8221;fas fa-arrow-circle-down&#8221; color=&#8221;black&#8221; link=&#8221;url:https%3A%2F%2Funora.org%2Fwp-content%2Fuploads%2F2023%2F03%2FISCRIZIONE-RUNTS-FONDAZIONE-UNORA.pdf&#8221; css=&#8221;.vc_custom_1678801290688{margin-top: -40px !important;}&#8221;][\/vc_column][vc_column width=&#8221;5\/12&#8243;][vc_column_text]<\/p>\n<h4 class=\"p1\"><span style=\"vertical-align: inherit;\"><span style=\"vertical-align: inherit;\"><span style=\"vertical-align: inherit;\"><span style=\"vertical-align: inherit;\"><span style=\"vertical-align: inherit;\"><span style=\"vertical-align: inherit;\"><span style=\"vertical-align: inherit;\"><span style=\"vertical-align: inherit;\"><span style=\"vertical-align: inherit;\"><span style=\"vertical-align: inherit;\"><span style=\"vertical-align: inherit;\"><span style=\"vertical-align: inherit;\"><span style=\"vertical-align: inherit;\"><span style=\"vertical-align: inherit;\"><span style=\"vertical-align: inherit;\"><span style=\"vertical-align: inherit;\"><span style=\"vertical-align: inherit;\"><span style=\"vertical-align: inherit;\"><span style=\"vertical-align: inherit;\"><span style=\"vertical-align: inherit;\">ATTO COSTITUTIVO<\/span><\/span><\/span><\/span><\/span><\/span><\/span><\/span><\/span><\/span><\/span><\/span><\/span><\/span><\/span><\/span><\/span><\/span><\/span><\/span><span style=\"vertical-align: inherit;\"><span style=\"vertical-align: inherit;\"><span style=\"vertical-align: inherit;\"><span style=\"vertical-align: inherit;\"><span style=\"vertical-align: inherit;\"><span style=\"vertical-align: inherit;\"><span style=\"vertical-align: inherit;\"><span style=\"vertical-align: inherit;\"><span style=\"vertical-align: inherit;\"><span style=\"vertical-align: inherit;\"><span style=\"vertical-align: inherit;\"><span style=\"vertical-align: inherit;\"><span style=\"vertical-align: inherit;\"><span style=\"vertical-align: inherit;\"><br \/>\n<span style=\"font-size: 10pt; color: #000000;\"><span style=\"vertical-align: inherit;\"><span style=\"vertical-align: inherit;\"><span style=\"vertical-align: inherit;\"><span style=\"vertical-align: inherit;\"><span style=\"vertical-align: inherit;\"><span style=\"vertical-align: inherit;\">Scarica l&#8217;Atto Costitutivo della Fondazione Unora ETS<\/span><\/span><\/span><\/span><\/span><\/span><\/span><br \/>\n<\/span><\/span><\/span><\/span><\/span><\/span><\/span><\/span><\/span><\/span><\/span><\/span><\/span><\/span><\/h4>\n<p>[\/vc_column_text][vc_icon icon_fontawesome=&#8221;fas fa-arrow-circle-down&#8221; color=&#8221;black&#8221; link=&#8221;url:https%3A%2F%2Funora.org%2Fwp-content%2Fuploads%2F2023%2F03%2FCOPIA-DIGITALE-ATTO-TRASFORMAZIONE.pdf&#8221; css=&#8221;.vc_custom_1678801272348{margin-top: -40px !important;}&#8221;][\/vc_column][vc_column width=&#8221;1\/12&#8243;][\/vc_column][\/vc_row][\/vc_section][vc_row][vc_column][vc_custom_heading text=&#8221;BILANCI FONDAZIONE UNORA ETS&#8221; font_container=&#8221;tag:h2|text_align:left|color:%23000000&#8243; css=&#8221;.vc_custom_1718714012506{margin-top: 50px !important;}&#8221;][vc_separator color=&#8221;orange&#8221; border_width=&#8221;3&#8243;][vc_tta_tour active_section=&#8221;1&#8243;][vc_tta_section title=&#8221;2024&#8243; tab_id=&#8221;1751885576430-48b8b0b3-6d01&#8243;][vc_column_text]<span style=\"vertical-align: inherit;\">Il <strong>bilancio 2024 <\/strong>della Fondazione Unora ETS\u00a0 \u00e8 stato redatto dallo Studio Triberti Colombo, <\/span><span style=\"vertical-align: inherit;\">secondo gli schemi previsti dal DM 5 marzo 2020 (pubblicato in GU n.102 del 18 aprile 2020).<\/span><\/p>\n<p><a href=\"https:\/\/unora.org\/wp-content\/uploads\/2025\/07\/BILANCIO-2024_FIRMATO.pdf\">Scarica qui il Bilancio 2024<\/a>[\/vc_column_text][\/vc_tta_section][vc_tta_section title=&#8221;2023&#8243; tab_id=&#8221;1718714074650-16ad541c-df5e&#8221;][vc_column_text]<span style=\"vertical-align: inherit;\">Il <strong>bilancio 2023 <\/strong>della Fondazione Unora ETS\u00a0 \u00e8 stato redatto dallo Studio Triberti Colombo, <\/span><span style=\"vertical-align: inherit;\">secondo gli schemi previsti dal DM 5 marzo 2020 (pubblicato in GU n.102 del 18 aprile 2020).<\/span><\/p>\n<p><a href=\"https:\/\/unora.org\/wp-content\/uploads\/2024\/06\/BILANCIO-DEFINITIVO-2023.pdf\">Scarica qui il Bilancio 2023<\/a>[\/vc_column_text][\/vc_tta_section][vc_tta_section title=&#8221;2022&#8243; tab_id=&#8221;1707401125921-4e342b68-2706&#8243;][vc_column_text]<span style=\"vertical-align: inherit;\">Il <strong>bilancio 2022<\/strong> della Fondazione Unora ETS (ex Comitato Unora Onlus) \u00e8 stato redatto dallo Studio Triberti Colombo, <\/span><span style=\"vertical-align: inherit;\">secondo gli schemi previsti dal DM 5 marzo 2020 (pubblicato in GU n.102 del 18 aprile 2020).<\/span><\/p>\n<p><a href=\"https:\/\/unora.org\/wp-content\/uploads\/2024\/02\/Rendiconto-Finanziario-2022-Fondazione-Unora-_DEFINITIVO.pdf\">Scarica qui il Bilancio 2022<\/a>[\/vc_column_text][\/vc_tta_section][vc_tta_section title=&#8221;2021&#8243; tab_id=&#8221;1678802412713-d581a381-ec8c&#8221;][vc_column_text]<\/p>\n<p style=\"text-align: justify;\"><span style=\"vertical-align: inherit;\"><span style=\"vertical-align: inherit;\"><span style=\"vertical-align: inherit;\">Il <strong>bilancio 2021<\/strong> della Fondazione Unora ETS (ex Comitato Unora Onlus) \u00e8 stato redatto dallo Studio Colletti De Riu in ossequio allo schema raccomandato dalla Commissione Non Profit del Consiglio Nazionale dei Dottori Commercialisti. <\/span><\/span><\/span><br \/>\n<span style=\"vertical-align: inherit;\"><span style=\"vertical-align: inherit;\"><span style=\"vertical-align: inherit;\">La redazione si fonda sull&#8217;assunzione della continuit\u00e0 aziendale, in quanto l&#8217;ente \u00e8 inteso ed \u00e8 nelle condizioni di continuare ad operare. <\/span><\/span><\/span><br \/>\n<span style=\"vertical-align: inherit;\"><span style=\"vertical-align: inherit;\"><span style=\"vertical-align: inherit;\">Il bilancio come raccomandato nel principio contabile n. <\/span><span style=\"vertical-align: inherit;\">l per gli Enti Non Profit rispetta i principi di chiarezza, veridicit\u00e0, correttezza e responsabilit\u00e0 nella rendicontazione.<\/span><\/span><\/span><br \/>\n<span style=\"vertical-align: inherit;\"><span style=\"vertical-align: inherit;\"><span style=\"vertical-align: inherit;\">In ossequio al suddetto principio la redazione \u00e8 avvenuta secondo prudenza, pe11anto l&#8217;imputazione di proventi \u00e8 solo avvenuta se effettivamente realizzata mentre l&#8217;imputazione degli oneri anche se solo prevista, e gli schemi sono comparabili con gli esercizi precedenti.<\/span><\/span><\/span><\/p>\n<p><a href=\"https:\/\/unora.org\/wp-content\/uploads\/2022\/05\/BILANCIO-2021.pdf\"><span style=\"vertical-align: inherit;\"><span style=\"vertical-align: inherit;\">Scarica qui il documento<\/span><\/span><\/a>[\/vc_column_text][\/vc_tta_section][vc_tta_section title=&#8221;2020&#8243; tab_id=&#8221;1678802412728-0e0507a1-093c&#8221;][vc_column_text]<\/p>\n<p style=\"text-align: justify;\"><span style=\"vertical-align: inherit;\"><span style=\"vertical-align: inherit;\">Il <strong>bilancio 2020<\/strong> della Fondazione Unora ETS (ex Comitato Unora Onlus) \u00e8 stato redatto dallo Studio Colletti De Riu in ossequio allo schema raccomandato dalla Commissione Non Profit del Consiglio Nazionale dei Dottori Commercialisti. <\/span><\/span><br \/>\n<span style=\"vertical-align: inherit;\"><span style=\"vertical-align: inherit;\">La redazione si fonda sull&#8217;assunzione della continuit\u00e0 aziendale, in quanto l&#8217;ente \u00e8 intenzionato ed \u00e8 nelle condizioni di continuare ad operare. <\/span><\/span><br \/>\n<span style=\"vertical-align: inherit;\"><span style=\"vertical-align: inherit;\">Il bilancio come raccomandato nel principio contabile n. <\/span><span style=\"vertical-align: inherit;\">l per gli Enti Non Profit rispetta i principi di chiarezza, veridicit\u00e0, correttezza e responsabilit\u00e0 nella rendicontazione.<\/span><\/span><br \/>\n<span style=\"vertical-align: inherit;\"><span style=\"vertical-align: inherit;\">In ossequio al suddetto principio la redazione \u00e8 avvenuta secondo prudenza, pe11anto l&#8217;imputazione di proventi \u00e8 solo avvenuta se effettivamente realizzata mentre l&#8217;imputazione degli oneri anche se solo prevista, e gli schemi sono comparabili con gli esercizi precedenti.<\/span><\/span><\/p>\n<p><a href=\"https:\/\/unora.org\/wp-content\/uploads\/2022\/05\/BILANCIO-2020_compresso.pdf\"><span style=\"vertical-align: inherit;\"><span style=\"vertical-align: inherit;\">Scarica qui il documento<\/span><\/span><\/a>[\/vc_column_text][\/vc_tta_section][vc_tta_section title=&#8221;2019&#8243; tab_id=&#8221;1678802417580-a71ee47c-da08&#8243;][vc_column_text]<span style=\"vertical-align: inherit;\"><span style=\"vertical-align: inherit;\"><span style=\"vertical-align: inherit;\"><span style=\"vertical-align: inherit;\"><span style=\"vertical-align: inherit;\">Il <\/span><\/span><strong><span style=\"vertical-align: inherit;\"><span style=\"vertical-align: inherit;\">Bilancio del 2019<\/span><\/span><\/strong><span style=\"vertical-align: inherit;\"><span style=\"vertical-align: inherit;\"> della Fondazione Unora ETS (ex Comitato Unora Onlus) \u00e8 stato redatto dallo Studio Colletti De Riu, in ossequio allo schema raccomandato dalla Commissione Non Profit del Consiglio Nazionale dei Dottori Commercialisti. <\/span><\/span><\/span><span style=\"vertical-align: inherit;\"><span style=\"vertical-align: inherit;\"><span style=\"vertical-align: inherit;\">Pertanto, lo Stato Patrimoniale espone le singole voci in ordine di liquidit\u00e0 crescente.<\/span><\/span><\/span><\/span><\/span><\/p>\n<p><a href=\"https:\/\/unora.org\/wp-content\/uploads\/2020\/05\/COMITATO-UNORA-BILANCIO-2019.pdf\"><span style=\"vertical-align: inherit;\"><span style=\"vertical-align: inherit;\"><span style=\"vertical-align: inherit;\"><span style=\"vertical-align: inherit;\">Scarica qui il documento<\/span><\/span><\/span><\/span><\/a>[\/vc_column_text][\/vc_tta_section][vc_tta_section title=&#8221;2018&#8243; tab_id=&#8221;1678802418696-1f714465-7c38&#8243;][vc_column_text]<\/p>\n<p style=\"text-align: justify;\"><span style=\"vertical-align: inherit;\"><span style=\"vertical-align: inherit;\"><span style=\"vertical-align: inherit;\"><span style=\"vertical-align: inherit;\">Il <strong>Bilancio del 2018<\/strong> della Fondazione Unora ETS (ex Comitato Unora Onlus) \u00e8 stato redatto dallo Studio Colletti De Riu, in ossequio allo schema raccomandato dalla Commissione Non Profit del Consiglio Nazionale dei Dottori Commercialisti. <\/span><\/span><\/span><span style=\"vertical-align: inherit;\"><span style=\"vertical-align: inherit;\"><span style=\"vertical-align: inherit;\">Pertanto lo Stato Patrimoniale espone le singole voci in ordine di liquidit\u00e0 crescente.<\/span><\/span><\/span><\/span><\/p>\n<p><a href=\"https:\/\/unora.org\/wp-content\/uploads\/2019\/10\/20190508175439857-4.pdf\"><span style=\"vertical-align: inherit;\"><span style=\"vertical-align: inherit;\"><span style=\"vertical-align: inherit;\"><span style=\"vertical-align: inherit;\">Scarica qui il documento<\/span><\/span><\/span><\/span><\/a>[\/vc_column_text][\/vc_tta_section][\/vc_tta_tour][\/vc_column][\/vc_row][vc_row][vc_column][vc_custom_heading text=&#8221;EMOLUMENTI&#8221; font_container=&#8221;tag:h2|text_align:left|color:%23000000&#8243; css=&#8221;.vc_custom_1718715031109{margin-top: 50px !important;}&#8221;][vc_separator color=&#8221;orange&#8221; border_width=&#8221;3&#8243;][\/vc_column][\/vc_row][vc_row][vc_column][vc_column_text]<\/p>\n<p style=\"text-align: justify;\">Ai sensi dell&#8217;art 14, c 2 del D Lgs 117\/17, si pubblicano gli emolumenti riconosciuti nell&#8217;anno 2024 ai soggetti ivi riferiti:<\/p>\n<table style=\"height: 122px; width: 593px;\" width=\"561\">\n<tbody>\n<tr style=\"height: 24px;\">\n<td style=\"width: 288.425px; height: 24px;\"><span style=\"font-size: 10pt;\"><strong>SOGGETTO<\/strong><\/span><\/td>\n<td style=\"width: 107.425px; text-align: center; height: 24px;\"><strong><span style=\"font-size: 10pt;\">N\u00b0 PERSONE<\/span><\/strong><\/td>\n<td style=\"width: 178.35px; text-align: center; height: 24px;\"><strong><span style=\"font-size: 10pt;\">RETRIBUZIONI<\/span><\/strong><\/td>\n<\/tr>\n<tr style=\"height: 26px;\">\n<td style=\"width: 288.425px; height: 26px; text-align: justify;\"><span style=\"font-size: 10pt;\"><strong>Componenti <em>Organo di amministrazione<\/em> <\/strong><em>(Presidente, Vice Presidente e Segretario Generale)<\/em><\/span><\/td>\n<td style=\"width: 107.425px; height: 26px; text-align: center;\"><span style=\"font-size: 10pt;\">3<\/span><\/td>\n<td style=\"width: 178.35px; height: 26px;\">\n<p style=\"text-align: center;\">20.386,48 \u20ac<\/p>\n<\/td>\n<\/tr>\n<tr style=\"height: 72px;\">\n<td style=\"width: 288.425px; height: 72px; text-align: justify;\"><span style=\"font-size: 10pt;\"><strong>Componenti <em>Organo di controllo<\/em><\/strong><\/span><\/td>\n<td style=\"width: 107.425px; height: 72px; text-align: center;\"><span style=\"font-size: 10pt;\">1<\/span><\/td>\n<td style=\"width: 178.35px; height: 72px; text-align: center;\">1.390,25 \u20ac<\/td>\n<\/tr>\n<\/tbody>\n<\/table>\n<p style=\"text-align: justify;\">Ai sensi dell\u2019art. 11 dello Statuto Vigente <em>\u201cla carica di membro del Consiglio di Amministrazione \u00e8 gratuita, salvo il diritto al rimborso delle spese sostenute nell\u2019espletamento degli incarichi ricevuti\u201d. <\/em><\/p>\n<p style=\"text-align: justify;\">Inoltre, ai sensi dell\u2019art. 12 <em>\u201cla carica di membro del Collegio di Indirizzo \u00e8 gratuita, salvo il diritto al rimborso delle spese sostenute nell\u2019espletamento degli incarichi ricevuti\u201d. <\/em><\/p>\n<p style=\"text-align: justify;\">Ai sensi dell\u2019art. 13 <em>\u201cil Presidente, cos\u00ec come i membri della Fondazione, non hanno diritto a compensi e\/o gettoni di presenza, salvo il diritto al rimborso delle spese sostenute nell\u2019espletamento degli incarichi ricevuti\u201d.<\/em><\/p>\n<p style=\"text-align: justify;\">Si precisa che l\u2019unico componente dell\u2019Organo di Amministrazione della Fondazione Unora ETS che percepisce una retribuzione \u00e8 il Segretario Generale, che figura come unico dipendente della Fondazione stessa.<\/p>\n<p>[\/vc_column_text][vc_column_text]<\/p>\n<h4 class=\"p1\"><span style=\"vertical-align: inherit;\"><span style=\"vertical-align: inherit;\"><span style=\"vertical-align: inherit;\"><span style=\"vertical-align: inherit;\"><span style=\"vertical-align: inherit;\"><span style=\"vertical-align: inherit;\"><span style=\"vertical-align: inherit;\"><span style=\"vertical-align: inherit;\"><span style=\"vertical-align: inherit;\"><span style=\"vertical-align: inherit;\"><span style=\"vertical-align: inherit;\"><span style=\"vertical-align: inherit;\"><span style=\"vertical-align: inherit;\"><span style=\"vertical-align: inherit;\">SCARICA IL DOCUMENTO RELATIVO AGLI EMOLUMENTI QUI<\/span><\/span><\/span><\/span><\/span><\/span><\/span><\/span><\/span><\/span><\/span><\/span><\/span><\/span><\/h4>\n<p>[\/vc_column_text][vc_icon icon_fontawesome=&#8221;fas fa-arrow-circle-down&#8221; color=&#8221;black&#8221; link=&#8221;url:https%3A%2F%2Funora.org%2Fwp-content%2Fuploads%2F2024%2F06%2FDATI-SUI-COMPENSI-AI-COMPONENTI-DEGLI-ORGANI-DI-AMMINISTRAZIONE-E-CONTROLLO_-FONDAZIONE-UNORA-ETS.pdf&#8221; css=&#8221;.vc_custom_1718714913628{margin-top: -40px !important;}&#8221;][\/vc_column][\/vc_row]<\/p>\n<\/div>","protected":false},"excerpt":{"rendered":"<p>[vc_row][vc_column][vc_custom_heading text=&#8221;DOCUMENTI UFFICIALI&#8221; font_container=&#8221;tag:h2|text_align:left|color:%23000000&#8243; css=&#8221;.vc_custom_1718713888771{margin-top: 50px !important;}&#8221;][vc_separator color=&#8221;orange&#8221; border_width=&#8221;3&#8243;][\/vc_column][\/vc_row][vc_section el_id=&#8221;section1&#8243; el_class=&#8221;section_space&#8221;][vc_row][vc_column width=&#8221;1\/12&#8243;][\/vc_column][vc_column width=&#8221;5\/12&#8243;][vc_column_text] STATUTO Scarica lo Statuto della Fondazione Unora ETS [\/vc_column_text][vc_icon icon_fontawesome=&#8221;fas fa-arrow-circle-down&#8221; color=&#8221;black&#8221; link=&#8221;url:https%3A%2F%2Funora.org%2Fwp-content%2Fuploads%2F2023%2F03%2FSTATUTO-FONDAZIONE-UNORA-ETS.pdf&#8221;<span class=\"excerpt-hellip\"> [\u2026]<\/span><\/p>\n","protected":false},"author":2,"featured_media":0,"parent":37,"menu_order":0,"comment_status":"closed","ping_status":"closed","template":"","meta":[],"_links":{"self":[{"href":"https:\/\/unora.org\/index.php\/wp-json\/wp\/v2\/pages\/262"}],"collection":[{"href":"https:\/\/unora.org\/index.php\/wp-json\/wp\/v2\/pages"}],"about":[{"href":"https:\/\/unora.org\/index.php\/wp-json\/wp\/v2\/types\/page"}],"author":[{"embeddable":true,"href":"https:\/\/unora.org\/index.php\/wp-json\/wp\/v2\/users\/2"}],"replies":[{"embeddable":true,"href":"https:\/\/unora.org\/index.php\/wp-json\/wp\/v2\/comments?post=262"}],"version-history":[{"count":50,"href":"https:\/\/unora.org\/index.php\/wp-json\/wp\/v2\/pages\/262\/revisions"}],"predecessor-version":[{"id":1909,"href":"https:\/\/unora.org\/index.php\/wp-json\/wp\/v2\/pages\/262\/revisions\/1909"}],"up":[{"embeddable":true,"href":"https:\/\/unora.org\/index.php\/wp-json\/wp\/v2\/pages\/37"}],"wp:attachment":[{"href":"https:\/\/unora.org\/index.php\/wp-json\/wp\/v2\/media?parent=262"}],"curies":[{"name":"wp","href":"https:\/\/api.w.org\/{rel}","templated":true}]}}