{"id":346,"date":"2018-09-26T07:34:20","date_gmt":"2018-09-26T07:34:20","guid":{"rendered":"http:\/\/188.213.160.48\/unora\/?page_id=346"},"modified":"2024-07-02T13:59:12","modified_gmt":"2024-07-02T13:59:12","slug":"payroll-giving","status":"publish","type":"page","link":"https:\/\/unora.org\/index.php\/cosa-facciamo\/payroll-giving\/","title":{"rendered":"PAYROLL GIVING"},"content":{"rendered":"<div class=\"wpb-content-wrapper\"><p>[vc_section][vc_row content_placement=&#8221;middle&#8221; parallax=&#8221;content-moving&#8221; css=&#8221;.vc_custom_1537947360626{background-position: center;background-repeat: no-repeat !important;background-size: cover !important;}&#8221; el_class=&#8221;page_header background-cosa-facciamo&#8221;][vc_column width=&#8221;1\/6&#8243;][\/vc_column][vc_column width=&#8221;2\/3&#8243;][vc_custom_heading text=&#8221;DONAZIONE VOLONTARIA &#8211; CONTINUATIVA E PROPORZIONALE ALLO STIPENDIO &#8211; EROGATA DAL DIPENDENTE ATTRAVERSO L&#8217;AZIENDA AL SOSTEGNO GENERICO DEI PROGETTI DELLE ASSOCIAZIONI ADERENTI&#8221; font_container=&#8221;tag:h1|text_align:center&#8221;][vc_column_text]<\/p>\n<p style=\"text-align: center;\"><span style=\"vertical-align: inherit;\"><span style=\"vertical-align: inherit;\"><span style=\"vertical-align: inherit;\"><span style=\"vertical-align: inherit;\">Con il Payroll Giving UNORA si ha l&#8217;opportunit\u00e0 di dare ancora pi\u00f9 valore al proprio lavoro sostenendo pi\u00f9 cause contemporaneamente.<\/span><\/span><\/span><\/span><\/p>\n<p>[\/vc_column_text][\/vc_column][vc_column width=&#8221;1\/6&#8243;][\/vc_column][\/vc_row][\/vc_section][vc_section el_id=&#8221;section1&#8243; el_class=&#8221;section_space&#8221;][vc_row][vc_column width=&#8221;1\/12&#8243;][\/vc_column][vc_column width=&#8221;10\/12&#8243;][vc_column_text]<\/p>\n<p style=\"text-align: justify;\"><span style=\"vertical-align: inherit;\"><span style=\"vertical-align: inherit;\">Grazie al programma di Payroll Giving della Fondazione Unora ETS i <\/span><\/span><span style=\"vertical-align: inherit;\"><span style=\"vertical-align: inherit;\">dipendenti delle aziende gi\u00e0 convenzionate<\/span><\/span><span style=\"vertical-align: inherit;\"><span style=\"vertical-align: inherit;\"> possono aderire semplicemente <\/span><\/span><strong><span style=\"vertical-align: inherit;\"><span style=\"vertical-align: inherit;\">compilando un modulo di adesione online.<br \/>\n<\/span><\/span><\/strong><span style=\"vertical-align: inherit;\"><span style=\"vertical-align: inherit;\">L&#8217;adesione comporter\u00e0, a partire dal mese successivo, una trattenuta mensile dalla busta paga corrispondente ad un&#8217;ora del proprio stipendio.<\/span><\/span><\/p>\n<p><span style=\"vertical-align: inherit;\"><span style=\"vertical-align: inherit;\">Il donatore pu\u00f2 scegliere tra <\/span><\/span><strong><span style=\"vertical-align: inherit;\"><span style=\"vertical-align: inherit;\">due modalit\u00e0 di destinazione della donazione<\/span><\/span><\/strong><span style=\"vertical-align: inherit;\"><span style=\"vertical-align: inherit;\">:<\/span><\/span>[\/vc_column_text][vc_row_inner equal_height=&#8221;yes&#8221; content_placement=&#8221;top&#8221; gap=&#8221;30&#8243;][vc_column_inner width=&#8221;1\/6&#8243;][\/vc_column_inner][vc_column_inner el_class=&#8221;box_txt_bianco&#8221; width=&#8221;2\/6&#8243; css=&#8221;.vc_custom_1537947897785{background-color: #9c2e2a !important;}&#8221;][vc_custom_heading text=&#8221;100%&#8221; font_container=&#8221;tag:h1|text_align:center|color:%23ffffff&#8221;][vc_column_text]<\/p>\n<p style=\"text-align: center;\"><span style=\"color: #ffffff;\">dell&#8217;ora devoluta ripartita tra tutti i progetti promossi<\/span><\/p>\n<p>[\/vc_column_text][\/vc_column_inner][vc_column_inner el_class=&#8221;box_txt_bianco&#8221; width=&#8221;2\/6&#8243; css=&#8221;.vc_custom_1537947895299{background-color: #9c2e2a !important;}&#8221;][vc_custom_heading text=&#8221;50%&#8221; font_container=&#8221;tag:h1|text_align:center|color:%23ffffff&#8221;][vc_column_text]<\/p>\n<p style=\"text-align: center;\"><span style=\"color: #ffffff;\">dell&#8217;ora devoluta ad un singolo progetto e il restante 50% agli altri progetti promossi<\/span><\/p>\n<p>[\/vc_column_text][\/vc_column_inner][vc_column_inner width=&#8221;1\/6&#8243;][\/vc_column_inner][\/vc_row_inner][vc_column_text]<span style=\"vertical-align: inherit;\"><span style=\"vertical-align: inherit;\"><span style=\"vertical-align: inherit;\">Il <\/span><\/span><\/span><strong><span style=\"vertical-align: inherit;\"><span style=\"vertical-align: inherit;\"><span style=\"vertical-align: inherit;\">dipendente aderente pu\u00f2 avvalersi dei vantaggi fiscali<\/span><\/span><\/span><\/strong><span style=\"vertical-align: inherit;\"><span style=\"vertical-align: inherit;\"><span style=\"vertical-align: inherit;\"> relativi alle donazioni a favore degli Enti del Terzo Settore.<br \/>\nScopri quali sono i <a href=\"http:\/\/www.unora.org\/index.php\/cosa-facciamo\/benefici-fiscali\/\">benefici fiscali riservati ai dipendenti e alle aziende<\/a> che sottoscrivono il programma UNORA.<br \/>\n<\/span><\/span><\/span>[\/vc_column_text][\/vc_column][vc_column width=&#8221;1\/12&#8243;][\/vc_column][\/vc_row][vc_row][vc_column width=&#8221;1\/12&#8243;][\/vc_column][vc_column width=&#8221;10\/12&#8243;][vc_column_text]<\/p>\n<h2>E SE LA TUA AZIENDA NON \u00c8 ANCORA CONVENZIONATA?<\/h2>\n<p>[\/vc_column_text][vc_column_text css=&#8221;.vc_custom_1678881322698{margin-top: -10px !important;}&#8221;]<span style=\"vertical-align: inherit;\"><span style=\"vertical-align: inherit;\"><span style=\"vertical-align: inherit;\"><span style=\"vertical-align: inherit;\"><span style=\"vertical-align: inherit;\"><span style=\"vertical-align: inherit;\"><span style=\"vertical-align: inherit;\"><span style=\"vertical-align: inherit;\"><span style=\"vertical-align: inherit;\">Nessun problema.<br \/>\nBasta compilare il modulo sottostante e consegnarlo <\/span><\/span><\/span><\/span><\/span><\/span><\/span><\/span><\/span><span style=\"vertical-align: inherit;\"><span style=\"vertical-align: inherit;\"><span style=\"vertical-align: inherit;\"><span style=\"vertical-align: inherit;\"><span style=\"vertical-align: inherit;\"><span style=\"vertical-align: inherit;\"><span style=\"vertical-align: inherit;\"><span style=\"vertical-align: inherit;\"><span style=\"vertical-align: inherit;\">all&#8217;Ufficio Risorse Umane oppure mettersi direttamente in contatto con noi.<br \/>\n<\/span><\/span><\/span><\/span><\/span><\/span><\/span><\/span><\/span><span style=\"vertical-align: inherit;\"><span style=\"vertical-align: inherit;\"><span style=\"vertical-align: inherit;\"><span style=\"vertical-align: inherit;\"><span style=\"vertical-align: inherit;\"><span style=\"vertical-align: inherit;\"><span style=\"vertical-align: inherit;\"><span style=\"vertical-align: inherit;\"><span style=\"vertical-align: inherit;\"><span style=\"vertical-align: inherit;\"><span style=\"vertical-align: inherit;\"><span style=\"vertical-align: inherit;\"><span style=\"vertical-align: inherit;\"><span style=\"vertical-align: inherit;\"><span style=\"vertical-align: inherit;\"><span style=\"vertical-align: inherit;\">La Fondazione Unora ETS provveder\u00e0 a contattare l&#8217;azienda per proporle di attivare il programma di donazione in busta paga in forma totalmente gratuita.<\/span><\/span><\/span><\/span><\/span><\/span><\/span><\/span><\/span><\/span><\/span><\/span><\/span><\/span><\/span><\/span>[\/vc_column_text][\/vc_column][vc_column width=&#8221;1\/12&#8243;][\/vc_column][\/vc_row][\/vc_section][vc_row][vc_column width=&#8221;1\/4&#8243;][\/vc_column][vc_column width=&#8221;1\/4&#8243;][vc_column_text]<\/p>\n<p style=\"text-align: center;\"><a href=\"https:\/\/unora.org\/wp-content\/uploads\/2024\/07\/MODULO-DI-ADESIONE_-SINGOLO_-2024.pdf\"><span style=\"color: #808080;\"><strong>SCARICA IL MODULO<\/strong><\/span><\/a><\/p>\n<p>[\/vc_column_text][vc_icon icon_fontawesome=&#8221;fas fa-file-download&#8221; color=&#8221;black&#8221; align=&#8221;center&#8221; css=&#8221;.vc_custom_1719928740446{margin-top: -30px !important;}&#8221; link=&#8221;url:https%3A%2F%2Funora.org%2Fwp-content%2Fuploads%2F2024%2F07%2FMODULO-DI-ADESIONE_-SINGOLO_-2024.pdf&#8221;][\/vc_column][vc_column width=&#8221;1\/4&#8243;][vc_column_text]<\/p>\n<p style=\"text-align: center;\"><span style=\"color: #808080;\"><strong>CONTATTACI<\/strong><\/span><\/p>\n<p>[\/vc_column_text][vc_icon icon_fontawesome=&#8221;far fa-envelope&#8221; color=&#8221;black&#8221; align=&#8221;center&#8221; link=&#8221;url:mailto%3Asegreteria%40unora.org&#8221; css=&#8221;.vc_custom_1678882563049{margin-top: -30px !important;}&#8221;][\/vc_column][vc_column width=&#8221;1\/4&#8243;][\/vc_column][\/vc_row]<\/p>\n<\/div>","protected":false},"excerpt":{"rendered":"<p>[vc_section][vc_row content_placement=&#8221;middle&#8221; parallax=&#8221;content-moving&#8221; css=&#8221;.vc_custom_1537947360626{background-position: center;background-repeat: no-repeat !important;background-size: cover !important;}&#8221; el_class=&#8221;page_header background-cosa-facciamo&#8221;][vc_column width=&#8221;1\/6&#8243;][\/vc_column][vc_column width=&#8221;2\/3&#8243;][vc_custom_heading text=&#8221;DONAZIONE VOLONTARIA &#8211; CONTINUATIVA E PROPORZIONALE ALLO STIPENDIO &#8211; EROGATA DAL DIPENDENTE ATTRAVERSO<span class=\"excerpt-hellip\"> [\u2026]<\/span><\/p>\n","protected":false},"author":2,"featured_media":0,"parent":39,"menu_order":0,"comment_status":"closed","ping_status":"closed","template":"","meta":[],"_links":{"self":[{"href":"https:\/\/unora.org\/index.php\/wp-json\/wp\/v2\/pages\/346"}],"collection":[{"href":"https:\/\/unora.org\/index.php\/wp-json\/wp\/v2\/pages"}],"about":[{"href":"https:\/\/unora.org\/index.php\/wp-json\/wp\/v2\/types\/page"}],"author":[{"embeddable":true,"href":"https:\/\/unora.org\/index.php\/wp-json\/wp\/v2\/users\/2"}],"replies":[{"embeddable":true,"href":"https:\/\/unora.org\/index.php\/wp-json\/wp\/v2\/comments?post=346"}],"version-history":[{"count":30,"href":"https:\/\/unora.org\/index.php\/wp-json\/wp\/v2\/pages\/346\/revisions"}],"predecessor-version":[{"id":515,"href":"https:\/\/unora.org\/index.php\/wp-json\/wp\/v2\/pages\/346\/revisions\/515"}],"up":[{"embeddable":true,"href":"https:\/\/unora.org\/index.php\/wp-json\/wp\/v2\/pages\/39"}],"wp:attachment":[{"href":"https:\/\/unora.org\/index.php\/wp-json\/wp\/v2\/media?parent=346"}],"curies":[{"name":"wp","href":"https:\/\/api.w.org\/{rel}","templated":true}]}}